{"id":381,"date":"2025-06-19T09:53:51","date_gmt":"2025-06-19T07:53:51","guid":{"rendered":"https:\/\/brand-united.com\/jak-wyglada-wspolpraca\/"},"modified":"2025-06-19T09:53:51","modified_gmt":"2025-06-19T07:53:51","slug":"jak-wyglada-wspolpraca","status":"publish","type":"page","link":"https:\/\/brand-united.com\/en\/jak-wyglada-wspolpraca\/","title":{"rendered":"Jak wygl\u0105da wsp\u00f3\u0142praca"},"content":{"rendered":"","protected":false},"excerpt":{"rendered":"","protected":false},"author":1,"featured_media":0,"parent":0,"menu_order":0,"comment_status":"closed","ping_status":"closed","template":"template-wspolpraca.php","meta":{"_acf_changed":false,"footnotes":""},"class_list":["post-381","page","type-page","status-publish","hentry"],"acf":[],"yoast_head":"<!-- This site is optimized with the Yoast SEO plugin v25.3.1 - https:\/\/yoast.com\/wordpress\/plugins\/seo\/ -->\n<title>Jak wygl\u0105da wsp\u00f3\u0142praca - Brand United<\/title>\n<meta name=\"robots\" content=\"index, follow, max-snippet:-1, max-image-preview:large, max-video-preview:-1\" \/>\n<link rel=\"canonical\" href=\"https:\/\/brand-united.com\/en\/jak-wyglada-wspolpraca\/\" \/>\n<meta property=\"og:locale\" content=\"en_US\" \/>\n<meta property=\"og:type\" content=\"article\" \/>\n<meta property=\"og:title\" content=\"Jak wygl\u0105da wsp\u00f3\u0142praca - Brand United\" \/>\n<meta property=\"og:url\" content=\"https:\/\/brand-united.com\/en\/jak-wyglada-wspolpraca\/\" \/>\n<meta property=\"og:site_name\" content=\"Brand United\" \/>\n<meta name=\"twitter:card\" content=\"summary_large_image\" \/>\n<script type=\"application\/ld+json\" class=\"yoast-schema-graph\">{\"@context\":\"https:\/\/schema.org\",\"@graph\":[{\"@type\":\"WebPage\",\"@id\":\"https:\/\/brand-united.com\/en\/jak-wyglada-wspolpraca\/\",\"url\":\"https:\/\/brand-united.com\/en\/jak-wyglada-wspolpraca\/\",\"name\":\"Jak wygl\u0105da wsp\u00f3\u0142praca - Brand United\",\"isPartOf\":{\"@id\":\"https:\/\/brand-united.com\/en\/#website\"},\"datePublished\":\"2025-06-19T07:53:51+00:00\",\"breadcrumb\":{\"@id\":\"https:\/\/brand-united.com\/en\/jak-wyglada-wspolpraca\/#breadcrumb\"},\"inLanguage\":\"en-US\",\"potentialAction\":[{\"@type\":\"ReadAction\",\"target\":[\"https:\/\/brand-united.com\/en\/jak-wyglada-wspolpraca\/\"]}]},{\"@type\":\"BreadcrumbList\",\"@id\":\"https:\/\/brand-united.com\/en\/jak-wyglada-wspolpraca\/#breadcrumb\",\"itemListElement\":[{\"@type\":\"ListItem\",\"position\":1,\"name\":\"Strona g\u0142\u00f3wna\",\"item\":\"https:\/\/brand-united.com\/en\/homepage\/\"},{\"@type\":\"ListItem\",\"position\":2,\"name\":\"Jak wygl\u0105da wsp\u00f3\u0142praca\"}]},{\"@type\":\"WebSite\",\"@id\":\"https:\/\/brand-united.com\/en\/#website\",\"url\":\"https:\/\/brand-united.com\/en\/\",\"name\":\"Brand United\",\"description\":\"\",\"potentialAction\":[{\"@type\":\"SearchAction\",\"target\":{\"@type\":\"EntryPoint\",\"urlTemplate\":\"https:\/\/brand-united.com\/en\/?s={search_term_string}\"},\"query-input\":{\"@type\":\"PropertyValueSpecification\",\"valueRequired\":true,\"valueName\":\"search_term_string\"}}],\"inLanguage\":\"en-US\"}]}<\/script>\n<!-- \/ Yoast SEO plugin. -->","yoast_head_json":{"title":"Jak wygl\u0105da wsp\u00f3\u0142praca - Brand United","robots":{"index":"index","follow":"follow","max-snippet":"max-snippet:-1","max-image-preview":"max-image-preview:large","max-video-preview":"max-video-preview:-1"},"canonical":"https:\/\/brand-united.com\/en\/jak-wyglada-wspolpraca\/","og_locale":"en_US","og_type":"article","og_title":"Jak wygl\u0105da wsp\u00f3\u0142praca - Brand United","og_url":"https:\/\/brand-united.com\/en\/jak-wyglada-wspolpraca\/","og_site_name":"Brand United","twitter_card":"summary_large_image","schema":{"@context":"https:\/\/schema.org","@graph":[{"@type":"WebPage","@id":"https:\/\/brand-united.com\/en\/jak-wyglada-wspolpraca\/","url":"https:\/\/brand-united.com\/en\/jak-wyglada-wspolpraca\/","name":"Jak wygl\u0105da wsp\u00f3\u0142praca - Brand United","isPartOf":{"@id":"https:\/\/brand-united.com\/en\/#website"},"datePublished":"2025-06-19T07:53:51+00:00","breadcrumb":{"@id":"https:\/\/brand-united.com\/en\/jak-wyglada-wspolpraca\/#breadcrumb"},"inLanguage":"en-US","potentialAction":[{"@type":"ReadAction","target":["https:\/\/brand-united.com\/en\/jak-wyglada-wspolpraca\/"]}]},{"@type":"BreadcrumbList","@id":"https:\/\/brand-united.com\/en\/jak-wyglada-wspolpraca\/#breadcrumb","itemListElement":[{"@type":"ListItem","position":1,"name":"Strona g\u0142\u00f3wna","item":"https:\/\/brand-united.com\/en\/homepage\/"},{"@type":"ListItem","position":2,"name":"Jak wygl\u0105da wsp\u00f3\u0142praca"}]},{"@type":"WebSite","@id":"https:\/\/brand-united.com\/en\/#website","url":"https:\/\/brand-united.com\/en\/","name":"Brand United","description":"","potentialAction":[{"@type":"SearchAction","target":{"@type":"EntryPoint","urlTemplate":"https:\/\/brand-united.com\/en\/?s={search_term_string}"},"query-input":{"@type":"PropertyValueSpecification","valueRequired":true,"valueName":"search_term_string"}}],"inLanguage":"en-US"}]}},"_links":{"self":[{"href":"https:\/\/brand-united.com\/en\/wp-json\/wp\/v2\/pages\/381","targetHints":{"allow":["GET"]}}],"collection":[{"href":"https:\/\/brand-united.com\/en\/wp-json\/wp\/v2\/pages"}],"about":[{"href":"https:\/\/brand-united.com\/en\/wp-json\/wp\/v2\/types\/page"}],"author":[{"embeddable":true,"href":"https:\/\/brand-united.com\/en\/wp-json\/wp\/v2\/users\/1"}],"replies":[{"embeddable":true,"href":"https:\/\/brand-united.com\/en\/wp-json\/wp\/v2\/comments?post=381"}],"version-history":[{"count":0,"href":"https:\/\/brand-united.com\/en\/wp-json\/wp\/v2\/pages\/381\/revisions"}],"wp:attachment":[{"href":"https:\/\/brand-united.com\/en\/wp-json\/wp\/v2\/media?parent=381"}],"curies":[{"name":"wp","href":"https:\/\/api.w.org\/{rel}","templated":true}]}}